{"id":1394,"date":"2019-08-06T00:30:57","date_gmt":"2019-08-06T00:30:57","guid":{"rendered":"https:\/\/shms.hallco.org\/web\/?page_id=1394"},"modified":"2023-07-29T00:18:00","modified_gmt":"2023-07-29T00:18:00","slug":"dva-carpool","status":"publish","type":"page","link":"https:\/\/shms.hallco.org\/web\/dva-carpool\/","title":{"rendered":"DVA Carpool"},"content":{"rendered":"<div id='av_section_1'  class='avia-section av-2k355h-ce9aadabf8c8d86df53785b79ac42417 main_color avia-section-default avia-no-border-styling  avia-builder-el-0  el_before_av_textblock  avia-builder-el-first  avia-bg-style-scroll container_wrap sidebar_right'  ><div class='container av-section-cont-open' ><main  role=\"main\" itemprop=\"mainContentOfPage\"  class='template-page content  av-content-small alpha units'><div class='post-entry post-entry-type-page post-entry-1394'><div class='entry-content-wrapper clearfix'>\n<section  class='av_textblock_section av-jyz1qrkk-2f285159b7079683fb2c119ef08df797 '   itemscope=\"itemscope\" itemtype=\"https:\/\/schema.org\/CreativeWork\" ><div class='avia_textblock'  itemprop=\"text\" ><div><\/div>\n<\/div><\/section>\n\n<style type=\"text\/css\" data-created_by=\"avia_inline_auto\" id=\"style-css-av-k9su5j1y-a5bc2663299ea368c56c081eb8799e6e\">\n#top .av-special-heading.av-k9su5j1y-a5bc2663299ea368c56c081eb8799e6e{\npadding-bottom:10px;\n}\nbody .av-special-heading.av-k9su5j1y-a5bc2663299ea368c56c081eb8799e6e .av-special-heading-tag .heading-char{\nfont-size:25px;\n}\n.av-special-heading.av-k9su5j1y-a5bc2663299ea368c56c081eb8799e6e .av-subheading{\nfont-size:15px;\n}\n<\/style>\n<div  class='av-special-heading av-k9su5j1y-a5bc2663299ea368c56c081eb8799e6e av-special-heading-h3  avia-builder-el-2  el_after_av_textblock  avia-builder-el-last  av-linked-heading'><h3 class='av-special-heading-tag '  itemprop=\"headline\"  >Carpool Information<\/h3><div class=\"special-heading-border\"><div class=\"special-heading-inner-border\"><\/div><\/div><\/div>\n<\/div><\/div><\/main><!-- close content main element --><\/div><\/div><div id='after_section_1'  class='main_color av_default_container_wrap container_wrap sidebar_right'  ><div class='container av-section-cont-open' ><div class='template-page content  av-content-small alpha units'><div class='post-entry post-entry-type-page post-entry-1394'><div class='entry-content-wrapper clearfix'>\n<section  class='av_textblock_section av-k9su6ny6-06db7d255e29df8a56b7c490b8294d20 '   itemscope=\"itemscope\" itemtype=\"https:\/\/schema.org\/CreativeWork\" ><div class='avia_textblock'  itemprop=\"text\" ><p style=\"text-align: center;\"><strong>Need a Carpool?<\/strong><\/p>\n<p style=\"text-align: center;\"><em><strong>\u00bfNecesitas un compartir transportaci\u00f3n?<\/strong><\/em><\/p>\n<p><span style=\"font-weight: 400;\">If you need help forming a morning and\/or afternoon carpool, click <a href=\"https:\/\/docs.google.com\/document\/d\/1umXAjYkB0-8Uj7D0C6MxoHNJa4Q9E0ocI3wn9I_WX3Y\/edit?usp=sharing\">here<\/a>. The first time you access the document you will need to wait for permission. Then you can post information for your carpool help in the document and other parents will post as well.\u00a0 THIS DOCUMENT IS IN ENGLISH AND SPANISH.<\/span><\/p>\n<p><em><span style=\"font-weight: 400;\">Si necesita ayuda para formar un viaje compartido en la ma\u00f1ana y \/ o en la tarde, haga clic <a href=\"https:\/\/docs.google.com\/document\/d\/1umXAjYkB0-8Uj7D0C6MxoHNJa4Q9E0ocI3wn9I_WX3Y\/edit?usp=sharing\">aqui<\/a>. La primera vez que acceda al documento deber\u00e1 esperar el permiso. Luego, puede publicar informaci\u00f3n para su ayuda de viaje compartido en el documento y otros padres tambi\u00e9n publicar\u00e1n. ESTE DOCUMENTO EST\u00c1 EN INGL\u00c9S Y ESPA\u00d1OL.<\/span><\/em><\/p>\n<\/div><\/section>\n<div  class='hr av-3uq8qq-1cc22980d09ce95f3fc45fbb40ce9085 hr-default  avia-builder-el-4  el_after_av_textblock  el_before_av_textblock '><span class='hr-inner '><span class=\"hr-inner-style\"><\/span><\/span><\/div>\n<section  class='av_textblock_section av-k9sub0fy-4e45adad071f6ff77d14e5a6d29cc4d9 '   itemscope=\"itemscope\" itemtype=\"https:\/\/schema.org\/CreativeWork\" ><div class='avia_textblock'  itemprop=\"text\" ><p style=\"text-align: center;\"><strong>Carpool Lanes at AoD<\/strong><\/p>\n<p><a href=\"https:\/\/drive.google.com\/file\/d\/1OShgJtjOdjbdR0CUpd9G7ImyiHyuqkWE\/view?usp=sharing\">Car Riders Information (English)<\/a><\/p>\n<p><a href=\"https:\/\/drive.google.com\/file\/d\/1OUAS8n5aeKYP7mnefMR1CaeJi_BmaRoX\/view?usp=sharing\">Recogida por la tarde (Espanol)<\/a><\/p>\n<\/div><\/section>\n\n<style type=\"text\/css\" data-created_by=\"avia_inline_auto\" id=\"style-css-av-30ix82-dffe58165198d846fab803a817f1c8be\">\n.flex_column.av-30ix82-dffe58165198d846fab803a817f1c8be{\nborder-radius:0px 0px 0px 0px;\npadding:0px 0px 0px 0px;\n}\n<\/style>\n<div  class='flex_column av-30ix82-dffe58165198d846fab803a817f1c8be av_two_third  avia-builder-el-6  el_after_av_textblock  avia-builder-el-last  first flex_column_div av-zero-column-padding  column-top-margin'     ><\/div>\n","protected":false},"excerpt":{"rendered":"","protected":false},"author":10,"featured_media":0,"parent":0,"menu_order":0,"comment_status":"closed","ping_status":"closed","template":"","meta":{"_monsterinsights_skip_tracking":false,"_monsterinsights_sitenote_active":false,"_monsterinsights_sitenote_note":"","_monsterinsights_sitenote_category":0,"footnotes":""},"class_list":["post-1394","page","type-page","status-publish","hentry"],"_links":{"self":[{"href":"https:\/\/shms.hallco.org\/web\/wp-json\/wp\/v2\/pages\/1394","targetHints":{"allow":["GET"]}}],"collection":[{"href":"https:\/\/shms.hallco.org\/web\/wp-json\/wp\/v2\/pages"}],"about":[{"href":"https:\/\/shms.hallco.org\/web\/wp-json\/wp\/v2\/types\/page"}],"author":[{"embeddable":true,"href":"https:\/\/shms.hallco.org\/web\/wp-json\/wp\/v2\/users\/10"}],"replies":[{"embeddable":true,"href":"https:\/\/shms.hallco.org\/web\/wp-json\/wp\/v2\/comments?post=1394"}],"version-history":[{"count":1,"href":"https:\/\/shms.hallco.org\/web\/wp-json\/wp\/v2\/pages\/1394\/revisions"}],"predecessor-version":[{"id":5088,"href":"https:\/\/shms.hallco.org\/web\/wp-json\/wp\/v2\/pages\/1394\/revisions\/5088"}],"wp:attachment":[{"href":"https:\/\/shms.hallco.org\/web\/wp-json\/wp\/v2\/media?parent=1394"}],"curies":[{"name":"wp","href":"https:\/\/api.w.org\/{rel}","templated":true}]}}