{"id":1402,"date":"2019-08-06T00:40:48","date_gmt":"2019-08-06T00:40:48","guid":{"rendered":"https:\/\/shms.hallco.org\/web\/?page_id=1402"},"modified":"2025-10-27T12:27:33","modified_gmt":"2025-10-27T12:27:33","slug":"dva-application-information","status":"publish","type":"page","link":"https:\/\/shms.hallco.org\/web\/dva-application-information\/","title":{"rendered":"DVA Application Information"},"content":{"rendered":"<div id='av_section_1'  class='avia-section av-2k355h-ce9aadabf8c8d86df53785b79ac42417 main_color avia-section-default avia-no-border-styling  avia-builder-el-0  el_before_av_submenu  avia-builder-el-first  avia-bg-style-scroll container_wrap sidebar_right'  ><div class='container av-section-cont-open' ><main  role=\"main\" itemprop=\"mainContentOfPage\"  class='template-page content  av-content-small alpha units'><div class='post-entry post-entry-type-page post-entry-1402'><div class='entry-content-wrapper clearfix'>\n<section  class='av_textblock_section av-jyz1qrkk-2f285159b7079683fb2c119ef08df797 '   itemscope=\"itemscope\" itemtype=\"https:\/\/schema.org\/CreativeWork\" ><div class='avia_textblock'  itemprop=\"text\" ><div><\/div>\n<\/div><\/section>\n\n<\/div><\/div><\/main><!-- close content main element --><\/div><\/div><div class='clear'><\/div><div id='DVA-Menu'  class='av-submenu-container av-mckjx4ii-417368a106e6918efe7c494fe2ab6286 main_color av-switch-768  avia-builder-el-2  el_after_av_section  el_before_av_heading  mobile-only av-sticky-submenu submenu-not-first container_wrap sidebar_right' style='z-index:301' ><div class='container av-menu-mobile-active av-submenu-pos-center av-submenu-hidden'><a href=\"#\" class=\"mobile_menu_toggle\"><span class='avia-svg-icon avia-font-svg_entypo-fontello' data-av_svg_icon='list' data-av_iconset='svg_entypo-fontello'><svg version=\"1.1\" xmlns=\"http:\/\/www.w3.org\/2000\/svg\" width=\"22\" height=\"32\" viewBox=\"0 0 22 32\" preserveAspectRatio=\"xMidYMid meet\" aria-labelledby='av-svg-title-1' aria-describedby='av-svg-desc-1' role=\"graphics-symbol\" aria-hidden=\"true\">\n<title id='av-svg-title-1'>List<\/title>\n<desc id='av-svg-desc-1'>List<\/desc>\n<path d=\"M3.2 20.8q0.64 0 1.12 0.48t0.48 1.12-0.48 1.12-1.12 0.48h-1.6q-0.64 0-1.12-0.48t-0.48-1.12 0.448-1.12 1.152-0.48h1.6zM3.2 14.4q0.64 0 1.12 0.48t0.48 1.12-0.48 1.12-1.12 0.48h-1.6q-0.64 0-1.12-0.48t-0.48-1.12 0.448-1.12 1.152-0.48h1.6zM3.2 8q0.64 0 1.12 0.48t0.48 1.12-0.48 1.12-1.12 0.48h-1.6q-0.64 0-1.12-0.48t-0.48-1.12 0.448-1.12 1.152-0.48h1.6zM9.6 11.2q-0.64 0-1.12-0.48t-0.48-1.12 0.48-1.12 1.12-0.48h11.2q0.704 0 1.152 0.48t0.448 1.12-0.48 1.12-1.12 0.48h-11.2zM20.8 14.4q0.704 0 1.152 0.48t0.448 1.12-0.48 1.12-1.12 0.48h-11.2q-0.64 0-1.12-0.48t-0.48-1.12 0.48-1.12 1.12-0.48h11.2zM20.8 20.8q0.704 0 1.152 0.48t0.448 1.12-0.48 1.12-1.12 0.48h-11.2q-0.64 0-1.12-0.48t-0.48-1.12 0.48-1.12 1.12-0.48h11.2z\"><\/path>\n<\/svg><\/span><span class=\"av-current-placeholder\">Menu<\/span><\/a><ul id=\"menu-dva-menu\" class=\"av-subnav-menu\" role=\"menu\"><li role=\"menuitem\" id=\"menu-item-1342\" class=\"menu-item menu-item-type-post_type menu-item-object-page menu-item-top-level menu-item-top-level-1\"><a href=\"https:\/\/shms.hallco.org\/web\/da-vinci-academy\/\" itemprop=\"url\" tabindex=\"0\"><span class=\"avia-bullet\"><\/span><span class=\"avia-menu-text\">Da Vinci Academy<\/span><span class=\"avia-menu-fx\"><span class=\"avia-arrow-wrap\"><span class=\"avia-arrow\"><\/span><\/span><\/span><\/a><\/li>\n<li role=\"menuitem\" id=\"menu-item-5047\" class=\"menu-item menu-item-type-post_type menu-item-object-page menu-item-top-level menu-item-top-level-2\"><a href=\"https:\/\/shms.hallco.org\/web\/dva-in-pictures\/\" itemprop=\"url\" tabindex=\"0\"><span class=\"avia-bullet\"><\/span><span class=\"avia-menu-text\">DVA In PIctures<\/span><span class=\"avia-menu-fx\"><span class=\"avia-arrow-wrap\"><span class=\"avia-arrow\"><\/span><\/span><\/span><\/a><\/li>\n<li role=\"menuitem\" id=\"menu-item-1405\" class=\"menu-item menu-item-type-post_type menu-item-object-page menu-item-top-level menu-item-top-level-3\"><a href=\"https:\/\/shms.hallco.org\/web\/dva-application-information\/\" itemprop=\"url\" tabindex=\"0\"><span class=\"avia-bullet\"><\/span><span class=\"avia-menu-text\">DVA Application Information<\/span><span class=\"avia-menu-fx\"><span class=\"avia-arrow-wrap\"><span class=\"avia-arrow\"><\/span><\/span><\/span><\/a><\/li>\n<li role=\"menuitem\" id=\"menu-item-4999\" class=\"menu-item menu-item-type-post_type menu-item-object-page menu-item-top-level menu-item-top-level-4\"><a href=\"https:\/\/shms.hallco.org\/web\/dva-new-student\/\" itemprop=\"url\" tabindex=\"0\"><span class=\"avia-bullet\"><\/span><span class=\"avia-menu-text\">DVA New Student Information<\/span><span class=\"avia-menu-fx\"><span class=\"avia-arrow-wrap\"><span class=\"avia-arrow\"><\/span><\/span><\/span><\/a><\/li>\n<li role=\"menuitem\" id=\"menu-item-5000\" class=\"menu-item menu-item-type-post_type menu-item-object-page menu-item-top-level menu-item-top-level-5\"><a href=\"https:\/\/shms.hallco.org\/web\/dva-parent-student-information\/\" itemprop=\"url\" tabindex=\"0\"><span class=\"avia-bullet\"><\/span><span class=\"avia-menu-text\">DVA Parent &#038; Student Information<\/span><span class=\"avia-menu-fx\"><span class=\"avia-arrow-wrap\"><span class=\"avia-arrow\"><\/span><\/span><\/span><\/a><\/li>\n<li role=\"menuitem\" id=\"menu-item-1726\" class=\"menu-item menu-item-type-post_type menu-item-object-page menu-item-top-level menu-item-top-level-6\"><a href=\"https:\/\/shms.hallco.org\/web\/dva-volunteering\/\" itemprop=\"url\" tabindex=\"0\"><span class=\"avia-bullet\"><\/span><span class=\"avia-menu-text\">DVA Volunteering<\/span><span class=\"avia-menu-fx\"><span class=\"avia-arrow-wrap\"><span class=\"avia-arrow\"><\/span><\/span><\/span><\/a><\/li>\n<li role=\"menuitem\" id=\"menu-item-1341\" class=\"menu-item menu-item-type-post_type menu-item-object-page menu-item-top-level menu-item-top-level-7\"><a href=\"https:\/\/shms.hallco.org\/web\/dva-museum\/\" itemprop=\"url\" tabindex=\"0\"><span class=\"avia-bullet\"><\/span><span class=\"avia-menu-text\">DVA Museums<\/span><span class=\"avia-menu-fx\"><span class=\"avia-arrow-wrap\"><span class=\"avia-arrow\"><\/span><\/span><\/span><\/a><\/li>\n<\/ul><\/div><\/div><div class='sticky_placeholder'><\/div><div id='after_submenu_1'  class='main_color av_default_container_wrap container_wrap sidebar_right'  ><div class='container av-section-cont-open' ><div class='template-page content  av-content-small alpha units'><div class='post-entry post-entry-type-page post-entry-1402'><div class='entry-content-wrapper clearfix'>\n\n<style type=\"text\/css\" data-created_by=\"avia_inline_auto\" id=\"style-css-av-31nfka-947f33de30e2942ff30f84738fc8a095\">\n#top .av-special-heading.av-31nfka-947f33de30e2942ff30f84738fc8a095{\npadding-bottom:10px;\ncolor:#1e7fe8;\n}\nbody .av-special-heading.av-31nfka-947f33de30e2942ff30f84738fc8a095 .av-special-heading-tag .heading-char{\nfont-size:25px;\n}\n.av-special-heading.av-31nfka-947f33de30e2942ff30f84738fc8a095 .special-heading-inner-border{\nborder-color:#1e7fe8;\n}\n.av-special-heading.av-31nfka-947f33de30e2942ff30f84738fc8a095 .av-subheading{\nfont-size:15px;\n}\n<\/style>\n<div  class='av-special-heading av-31nfka-947f33de30e2942ff30f84738fc8a095 av-special-heading-h2 custom-color-heading  avia-builder-el-3  el_after_av_submenu  el_before_av_textblock  avia-builder-el-first  av-linked-heading'><h2 class='av-special-heading-tag '  itemprop=\"headline\"  >DVA Application Information<\/h2><div class=\"special-heading-border\"><div class=\"special-heading-inner-border\"><\/div><\/div><\/div>\n<section  class='av_textblock_section av-jyz3kapc-092bad7e3043a23919992b2f63974355 '   itemscope=\"itemscope\" itemtype=\"https:\/\/schema.org\/CreativeWork\" ><div class='avia_textblock av_inherit_color'  itemprop=\"text\" ><h1 style=\"text-align: center;\"><span style=\"font-weight: 400;\">Applications<br \/>\n26-27 School Year<\/span><\/h1>\n<h3 style=\"text-align: center;\">Applications &#8211; Now Open<\/h3>\n<h3>Parent Information Meeting Dates<\/h3>\n<ul>\n<li><em><strong>Monday, October 20 at 6pm (English)<\/strong><\/em><\/li>\n<li><em><strong>Tuesday, October 21 at 4:30pm (English)<\/strong><\/em><\/li>\n<li><em><strong>Jueves 23 de octubre \u00a04pm (en espa\u00f1ol)<\/strong><\/em><\/li>\n<\/ul>\n<p><span style=\"font-weight: 400;\">We highly encourage all parents interested in Da Vinci Academy to attend these meetings and have the opportunity to have your questions answered. Paper copies of applications will be available at these meetings.<\/span><\/p>\n<p><em>Alentamos a todos los padres interesados \u200b\u200ben la Academia Da Vinci a que asistan a estas reuniones y tengan la oportunidad de recibir respuestas a sus preguntas. Las copias impresas de las solicitudes estar\u00e1n disponibles en estas reuniones.<\/em><\/p>\n<p>.<\/p>\n<h3 style=\"text-align: center;\">Applications &#8211; Available Now<\/h3>\n<ul>\n<li style=\"text-align: left;\"><strong><a href=\"https:\/\/docs.google.com\/document\/d\/1wtxSa71vUHN14JvpbM6CHAMjlQ3V38ZVGdnHKOsAO68\/edit?usp=sharing\">English Paper Application<\/a><\/strong><\/li>\n<li style=\"text-align: left;\"><a href=\"https:\/\/docs.google.com\/forms\/d\/e\/1FAIpQLScsYXv_i9Ad8DYO6J_wUa9cpfQtrLj3rkSaegv-p_XCRtPABw\/viewform\"><strong>English Digital Application<\/strong><\/a><br \/>\n<span style=\"font-weight: 400;\">If you would like a paper copy of the application mailed to you, email <a href=\"https:\/\/mail.google.com\/mail\/?view=cm&amp;fs=1&amp;tf=1&amp;to=jan.ewing@hallco.org\" target=\"_blank\" rel=\"noopener\">jan.ewing@hallco.org <\/a><\/span><span style=\"font-weight: 400;\">with your <\/span><span style=\"font-weight: 400;\">full name and mailing address<\/span><span style=\"font-weight: 400;\">.<br \/>\n<\/span>.<\/li>\n<li><a href=\"https:\/\/docs.google.com\/document\/d\/1Qt1vPjJry7cJCcXEgCT5m3V7-TZj3s2B9TyvVRtpKo0\/edit?usp=sharing\"><strong>Aplicaci\u00f3n en Espa\u00f1ol<\/strong><\/a><\/li>\n<li><a href=\"https:\/\/docs.google.com\/forms\/d\/e\/1FAIpQLScsYXv_i9Ad8DYO6J_wUa9cpfQtrLj3rkSaegv-p_XCRtPABw\/viewform\"><strong>Aplicaci\u00f3n Digital en Espa\u00f1ol<\/strong><\/a><span style=\"font-weight: 400;\"><br \/>\n<\/span><i><span style=\"font-weight: 400;\">Si desea que se le env\u00ede una copia impresa de la solicitud, env\u00ede un correo electr\u00f3nico <a href=\"https:\/\/mail.google.com\/mail\/?view=cm&amp;fs=1&amp;tf=1&amp;to=jan.ewing@hallco.org\" target=\"_blank\" rel=\"noopener\">jan.ewing@hallco.org<\/a><\/span><\/i><i><span style=\"font-weight: 400;\">\u00a0con su <\/span><\/i><i><span style=\"font-weight: 400;\">nombre completo y direcci\u00f3n postal<\/span><\/i><i><span style=\"font-weight: 400;\">.<\/span><\/i><\/li>\n<\/ul>\n<p>.<\/p>\n<h3 style=\"text-align: center;\">Parent Information Night Slideshow<\/h3>\n<ul>\n<li><a href=\"https:\/\/docs.google.com\/presentation\/d\/e\/2PACX-1vRcq2A6b61pQsH3cvA6jOR3Jtmv5rihptOzeLb0g3IQN0wUWl6HsoqZOgxeryrdMOGD08XPvCt_omjv\/pub?start=false&amp;loop=false&amp;delayms=60000\">English Information Slideshow<\/a><\/li>\n<li><a href=\"https:\/\/drive.google.com\/file\/d\/16Yxw9RKmQV3rPgHyGm8UrPZ8d4t_w84r\/view?usp=sharing\">Informaci\u00f3n en espa\u00f1ol PDF<\/a><\/li>\n<\/ul>\n<p>.<\/p>\n<h3 style=\"text-align: center;\">Important Application Dates for Parents<\/h3>\n<p style=\"text-align: center;\"><span style=\"font-weight: 400;\">Be sure to request your references ASAP.<\/span><\/p>\n<p style=\"text-align: center;\"><span style=\"font-weight: 400;\">Application Help Night is Thursday, November 13, 2025 from 4pm &#8211; 5pm<br \/>\n<\/span><\/p>\n<p style=\"text-align: center;\"><strong>Applications are due Friday, December 12, 2025 at 3pm.<\/strong><\/p>\n<p>.<\/p>\n<h3 style=\"text-align: center;\">Fechas de solicitud importantes para los padres<\/h3>\n<p style=\"text-align: center;\">Aseg\u00farese de haber solicitado sus referencias lo antes posible.<\/p>\n<p style=\"text-align: center;\"><span style=\"font-weight: 400;\">Noche de ayuda para la solicitud es el jueves 13 de noviembre de 2025 de 4 p. m. a 5 p. m.<\/span><\/p>\n<p style=\"text-align: center;\"><strong>Las solicitudes deben presentarse el viernes 12 de diciembre de 2025 a las 3 p.m.<\/strong><\/p>\n<p>.<\/p>\n<p><span style=\"font-weight: 400;\">If you would like a paper copy of the application mailed to you, email Jan.Ewing@hallco.org <\/span><span style=\"font-weight: 400;\">with your <\/span><span style=\"font-weight: 400;\">full name and mailing address<\/span><span style=\"font-weight: 400;\">.<\/span><\/p>\n<p><i><span style=\"font-weight: 400;\">Si desea que se le env\u00ede una copia impresa de la solicitud, env\u00ede un correo electr\u00f3nico Jan.Ewing@hallco.org <\/span><\/i><i><span style=\"font-weight: 400;\">con su <\/span><\/i><i><span style=\"font-weight: 400;\">nombre completo y direcci\u00f3n postal<\/span><\/i><i><span style=\"font-weight: 400;\">.<\/span><\/i><\/p>\n<p><span style=\"font-weight: 400;\">.<\/span><\/p>\n<h3 style=\"text-align: center;\">Student Group Interview Dates<\/h3>\n<p style=\"text-align: center;\"><span style=\"font-weight: 400;\">As a part of the application process, students will participate in an interactive group interview process.\u00a0 The interview lasts approximately 60 minutes.\u00a0 During this time, students will tour the museum, respond to a brief writing prompt, and participate in an interactive activity.\u00a0 When your application is received, you will receive an email with a link to register for <strong>one<\/strong> of the group interview nights.\u00a0<\/span><\/p>\n<p>Dec. 11th 4:30<br \/>\nDec. 16th 5:30<br \/>\nJan. 8th 4:30<\/p>\n<p style=\"text-align: center;\"><em>Como parte del proceso de solicitud, los estudiantes participar\u00e1n en un proceso de entrevista grupal interactiva. La entrevista tiene una duraci\u00f3n aproximada de 60 minutos. Durante este tiempo, los estudiantes recorrer\u00e1n el museo, responder\u00e1n a una breve consigna de escritura y participar\u00e1n en una actividad de interactivo. Cuando recibamos su solicitud, recibir\u00e1 un correo electr\u00f3nico con un enlace para registrarse en <strong>una<\/strong> de las noches de entrevista grupal.<\/em><\/p>\n<p>11 de diciembre 4:30<br \/>\n16 de diciembre 5:30<br \/>\n8 de enero 4:30<\/p>\n<p><!--a=1--><\/p>\n<p><!--a=1--><\/p>\n<p><!--a=1--><\/p>\n<p><!--a=1--><\/p>\n<p><!--a=1--><\/p>\n<p><!--a=1--><\/p>\n<p><!--a=1--><\/p>\n<p><!--a=1--><\/p>\n<p><!--a=1--><!--a=1--><\/p>\n<p><!--a=1--><\/p>\n<p><!--a=1--><\/p>\n<p><!--a=1--><\/p>\n<p><!--a=1--><\/p>\n<p><!--a=1--><\/p>\n<p><!--a=1--><\/p>\n<\/div><\/section>\n<p><!--a=1--><\/p>\n","protected":false},"excerpt":{"rendered":"","protected":false},"author":10,"featured_media":0,"parent":0,"menu_order":0,"comment_status":"closed","ping_status":"closed","template":"","meta":{"_monsterinsights_skip_tracking":false,"_monsterinsights_sitenote_active":false,"_monsterinsights_sitenote_note":"","_monsterinsights_sitenote_category":0,"footnotes":""},"class_list":["post-1402","page","type-page","status-publish","hentry"],"_links":{"self":[{"href":"https:\/\/shms.hallco.org\/web\/wp-json\/wp\/v2\/pages\/1402","targetHints":{"allow":["GET"]}}],"collection":[{"href":"https:\/\/shms.hallco.org\/web\/wp-json\/wp\/v2\/pages"}],"about":[{"href":"https:\/\/shms.hallco.org\/web\/wp-json\/wp\/v2\/types\/page"}],"author":[{"embeddable":true,"href":"https:\/\/shms.hallco.org\/web\/wp-json\/wp\/v2\/users\/10"}],"replies":[{"embeddable":true,"href":"https:\/\/shms.hallco.org\/web\/wp-json\/wp\/v2\/comments?post=1402"}],"version-history":[{"count":36,"href":"https:\/\/shms.hallco.org\/web\/wp-json\/wp\/v2\/pages\/1402\/revisions"}],"predecessor-version":[{"id":5359,"href":"https:\/\/shms.hallco.org\/web\/wp-json\/wp\/v2\/pages\/1402\/revisions\/5359"}],"wp:attachment":[{"href":"https:\/\/shms.hallco.org\/web\/wp-json\/wp\/v2\/media?parent=1402"}],"curies":[{"name":"wp","href":"https:\/\/api.w.org\/{rel}","templated":true}]}}