{"id":4971,"date":"2025-06-25T15:06:29","date_gmt":"2025-06-25T15:06:29","guid":{"rendered":"https:\/\/shms.hallco.org\/web\/?page_id=4971"},"modified":"2025-08-01T19:34:44","modified_gmt":"2025-08-01T19:34:44","slug":"dva-new-student","status":"publish","type":"page","link":"https:\/\/shms.hallco.org\/web\/dva-new-student\/","title":{"rendered":"DVA New Student Information"},"content":{"rendered":"<div id='av_section_1'  class='avia-section av-2k355h-ce9aadabf8c8d86df53785b79ac42417 main_color avia-section-default avia-no-border-styling  avia-builder-el-0  el_before_av_submenu  avia-builder-el-first  avia-bg-style-scroll container_wrap sidebar_right'  ><div class='container av-section-cont-open' ><main  role=\"main\" itemprop=\"mainContentOfPage\"  class='template-page content  av-content-small alpha units'><div class='post-entry post-entry-type-page post-entry-4971'><div class='entry-content-wrapper clearfix'>\n<section  class='av_textblock_section av-jyz1qrkk-2f285159b7079683fb2c119ef08df797 '   itemscope=\"itemscope\" itemtype=\"https:\/\/schema.org\/CreativeWork\" ><div class='avia_textblock'  itemprop=\"text\" ><div><\/div>\n<\/div><\/section>\n\n<\/div><\/div><\/main><!-- close content main element --><\/div><\/div><div class='clear'><\/div><div id='DVA-Menu'  class='av-submenu-container av-5toz3f-330e6d674000b0fbafe502dd96b94468 main_color av-switch-768  avia-builder-el-2  el_after_av_section  el_before_av_heading  mobile-only av-sticky-submenu submenu-not-first container_wrap sidebar_right' style='z-index:301' ><div class='container av-menu-mobile-active av-submenu-pos-center av-submenu-hidden'><a href=\"#\" class=\"mobile_menu_toggle\"><span class='avia-svg-icon avia-font-svg_entypo-fontello' data-av_svg_icon='list' data-av_iconset='svg_entypo-fontello'><svg version=\"1.1\" xmlns=\"http:\/\/www.w3.org\/2000\/svg\" width=\"22\" height=\"32\" viewBox=\"0 0 22 32\" preserveAspectRatio=\"xMidYMid meet\" aria-labelledby='av-svg-title-1' aria-describedby='av-svg-desc-1' role=\"graphics-symbol\" aria-hidden=\"true\">\n<title id='av-svg-title-1'>List<\/title>\n<desc id='av-svg-desc-1'>List<\/desc>\n<path d=\"M3.2 20.8q0.64 0 1.12 0.48t0.48 1.12-0.48 1.12-1.12 0.48h-1.6q-0.64 0-1.12-0.48t-0.48-1.12 0.448-1.12 1.152-0.48h1.6zM3.2 14.4q0.64 0 1.12 0.48t0.48 1.12-0.48 1.12-1.12 0.48h-1.6q-0.64 0-1.12-0.48t-0.48-1.12 0.448-1.12 1.152-0.48h1.6zM3.2 8q0.64 0 1.12 0.48t0.48 1.12-0.48 1.12-1.12 0.48h-1.6q-0.64 0-1.12-0.48t-0.48-1.12 0.448-1.12 1.152-0.48h1.6zM9.6 11.2q-0.64 0-1.12-0.48t-0.48-1.12 0.48-1.12 1.12-0.48h11.2q0.704 0 1.152 0.48t0.448 1.12-0.48 1.12-1.12 0.48h-11.2zM20.8 14.4q0.704 0 1.152 0.48t0.448 1.12-0.48 1.12-1.12 0.48h-11.2q-0.64 0-1.12-0.48t-0.48-1.12 0.48-1.12 1.12-0.48h11.2zM20.8 20.8q0.704 0 1.152 0.48t0.448 1.12-0.48 1.12-1.12 0.48h-11.2q-0.64 0-1.12-0.48t-0.48-1.12 0.48-1.12 1.12-0.48h11.2z\"><\/path>\n<\/svg><\/span><span class=\"av-current-placeholder\">Menu<\/span><\/a><ul id=\"menu-dva-menu\" class=\"av-subnav-menu\" role=\"menu\"><li role=\"menuitem\" id=\"menu-item-1342\" class=\"menu-item menu-item-type-post_type menu-item-object-page menu-item-top-level menu-item-top-level-1\"><a href=\"https:\/\/shms.hallco.org\/web\/da-vinci-academy\/\" itemprop=\"url\" tabindex=\"0\"><span class=\"avia-bullet\"><\/span><span class=\"avia-menu-text\">Da Vinci Academy<\/span><span class=\"avia-menu-fx\"><span class=\"avia-arrow-wrap\"><span class=\"avia-arrow\"><\/span><\/span><\/span><\/a><\/li>\n<li role=\"menuitem\" id=\"menu-item-5047\" class=\"menu-item menu-item-type-post_type menu-item-object-page menu-item-top-level menu-item-top-level-2\"><a href=\"https:\/\/shms.hallco.org\/web\/dva-in-pictures\/\" itemprop=\"url\" tabindex=\"0\"><span class=\"avia-bullet\"><\/span><span class=\"avia-menu-text\">DVA In PIctures<\/span><span class=\"avia-menu-fx\"><span class=\"avia-arrow-wrap\"><span class=\"avia-arrow\"><\/span><\/span><\/span><\/a><\/li>\n<li role=\"menuitem\" id=\"menu-item-1405\" class=\"menu-item menu-item-type-post_type menu-item-object-page menu-item-top-level menu-item-top-level-3\"><a href=\"https:\/\/shms.hallco.org\/web\/dva-application-information\/\" itemprop=\"url\" tabindex=\"0\"><span class=\"avia-bullet\"><\/span><span class=\"avia-menu-text\">DVA Application Information<\/span><span class=\"avia-menu-fx\"><span class=\"avia-arrow-wrap\"><span class=\"avia-arrow\"><\/span><\/span><\/span><\/a><\/li>\n<li role=\"menuitem\" id=\"menu-item-4999\" class=\"menu-item menu-item-type-post_type menu-item-object-page menu-item-top-level menu-item-top-level-4\"><a href=\"https:\/\/shms.hallco.org\/web\/dva-new-student\/\" itemprop=\"url\" tabindex=\"0\"><span class=\"avia-bullet\"><\/span><span class=\"avia-menu-text\">DVA New Student Information<\/span><span class=\"avia-menu-fx\"><span class=\"avia-arrow-wrap\"><span class=\"avia-arrow\"><\/span><\/span><\/span><\/a><\/li>\n<li role=\"menuitem\" id=\"menu-item-5000\" class=\"menu-item menu-item-type-post_type menu-item-object-page menu-item-top-level menu-item-top-level-5\"><a href=\"https:\/\/shms.hallco.org\/web\/dva-parent-student-information\/\" itemprop=\"url\" tabindex=\"0\"><span class=\"avia-bullet\"><\/span><span class=\"avia-menu-text\">DVA Parent &#038; Student Information<\/span><span class=\"avia-menu-fx\"><span class=\"avia-arrow-wrap\"><span class=\"avia-arrow\"><\/span><\/span><\/span><\/a><\/li>\n<li role=\"menuitem\" id=\"menu-item-1726\" class=\"menu-item menu-item-type-post_type menu-item-object-page menu-item-top-level menu-item-top-level-6\"><a href=\"https:\/\/shms.hallco.org\/web\/dva-volunteering\/\" itemprop=\"url\" tabindex=\"0\"><span class=\"avia-bullet\"><\/span><span class=\"avia-menu-text\">DVA Volunteering<\/span><span class=\"avia-menu-fx\"><span class=\"avia-arrow-wrap\"><span class=\"avia-arrow\"><\/span><\/span><\/span><\/a><\/li>\n<li role=\"menuitem\" id=\"menu-item-1341\" class=\"menu-item menu-item-type-post_type menu-item-object-page menu-item-top-level menu-item-top-level-7\"><a href=\"https:\/\/shms.hallco.org\/web\/dva-museum\/\" itemprop=\"url\" tabindex=\"0\"><span class=\"avia-bullet\"><\/span><span class=\"avia-menu-text\">DVA Museums<\/span><span class=\"avia-menu-fx\"><span class=\"avia-arrow-wrap\"><span class=\"avia-arrow\"><\/span><\/span><\/span><\/a><\/li>\n<\/ul><\/div><\/div><div class='sticky_placeholder'><\/div><div id='after_submenu_1'  class='main_color av_default_container_wrap container_wrap sidebar_right'  ><div class='container av-section-cont-open' ><div class='template-page content  av-content-small alpha units'><div class='post-entry post-entry-type-page post-entry-4971'><div class='entry-content-wrapper clearfix'>\n\n<style type=\"text\/css\" data-created_by=\"avia_inline_auto\" id=\"style-css-av-1v2alv-3e07ed5fb31ac3445f85dc22ec7730a5\">\n#top .av-special-heading.av-1v2alv-3e07ed5fb31ac3445f85dc22ec7730a5{\npadding-bottom:10px;\ncolor:#1e7fe8;\n}\nbody .av-special-heading.av-1v2alv-3e07ed5fb31ac3445f85dc22ec7730a5 .av-special-heading-tag .heading-char{\nfont-size:25px;\n}\n.av-special-heading.av-1v2alv-3e07ed5fb31ac3445f85dc22ec7730a5 .special-heading-inner-border{\nborder-color:#1e7fe8;\n}\n.av-special-heading.av-1v2alv-3e07ed5fb31ac3445f85dc22ec7730a5 .av-subheading{\nfont-size:15px;\n}\n<\/style>\n<div  class='av-special-heading av-1v2alv-3e07ed5fb31ac3445f85dc22ec7730a5 av-special-heading-h2 custom-color-heading  avia-builder-el-3  el_after_av_submenu  el_before_av_one_full  avia-builder-el-first  av-linked-heading'><h2 class='av-special-heading-tag '  itemprop=\"headline\"  >Welcome to Da Vinci Academy! <\/h2><div class=\"special-heading-border\"><div class=\"special-heading-inner-border\"><\/div><\/div><\/div>\n<div  class='flex_column av-j6wnv-d611d23dffaa38345e85049b3a908274 av_one_full  avia-builder-el-4  el_after_av_heading  el_before_av_hr  first flex_column_div  '     ><p>\n<style type=\"text\/css\" data-created_by=\"avia_inline_auto\" id=\"style-css-av-3xkk23-10eec55f8dab7d3272643d1ffcc9ab9a\">\n#top .av-special-heading.av-3xkk23-10eec55f8dab7d3272643d1ffcc9ab9a{\npadding-bottom:10px;\n}\nbody .av-special-heading.av-3xkk23-10eec55f8dab7d3272643d1ffcc9ab9a .av-special-heading-tag .heading-char{\nfont-size:25px;\n}\n.av-special-heading.av-3xkk23-10eec55f8dab7d3272643d1ffcc9ab9a .av-subheading{\nfont-size:15px;\n}\n<\/style>\n<div  class='av-special-heading av-3xkk23-10eec55f8dab7d3272643d1ffcc9ab9a av-special-heading-h3  avia-builder-el-5  el_before_av_textblock  avia-builder-el-first '><h3 class='av-special-heading-tag '  itemprop=\"headline\"  >Rising 6th Grade Orientation Information<\/h3><div class=\"special-heading-border\"><div class=\"special-heading-inner-border\"><\/div><\/div><\/div><br \/>\n<section  class='av_textblock_section av-kc42lqp3-72100f9bacdaf489bc711a116f74dcf8 '   itemscope=\"itemscope\" itemtype=\"https:\/\/schema.org\/CreativeWork\" ><div class='avia_textblock'  itemprop=\"text\" ><p style=\"text-align: center;\"><strong>Welcome Rising 6th Graders!<\/strong><\/p>\n<p style=\"text-align: center;\"><strong><em>\u00a1Bienvenidos nuevos estudiantes de sexto grado!<\/em><\/strong><\/p>\n<p style=\"text-align: center;\">.<\/p>\n<p><strong>Tuesday, May 13, 2025<\/strong><br \/>\nSouth Hall Middle School Rising 6th Grade Parent Night<\/p>\n<p>Come and see the sports, clubs, and activities available through our connection with South Hall!<\/p>\n<p>.<\/p>\n<p><strong>Friday, July 25, 2025<\/strong><br \/>\nDa Vinci&#8217;s 6th Grade Cookout<\/p>\n<p>Come and meet your teachers and classmates at our annual 6th grade cookout!<\/p>\n<\/div><\/section><\/p><\/div>\n<div  class='hr av-6fp2sz-c0d4ddf2866a308bc83b07295b069c56 hr-default  avia-builder-el-7  el_after_av_one_full  el_before_av_one_full '><span class='hr-inner '><span class=\"hr-inner-style\"><\/span><\/span><\/div>\n\n<style type=\"text\/css\" data-created_by=\"avia_inline_auto\" id=\"style-css-av-3kaaqr-07ebadf8b6a9e3efb80aeee968688cb8\">\n.flex_column.av-3kaaqr-07ebadf8b6a9e3efb80aeee968688cb8{\nborder-radius:0px 0px 0px 0px;\npadding:0px 0px 0px 0px;\n}\n<\/style>\n<div  class='flex_column av-3kaaqr-07ebadf8b6a9e3efb80aeee968688cb8 av_one_full  avia-builder-el-8  el_after_av_hr  el_before_av_hr  first flex_column_div av-zero-column-padding  '     ><p>\n<style type=\"text\/css\" data-created_by=\"avia_inline_auto\" id=\"style-css-av-kewsvyg8-cd28342109b768742446677100226067\">\n#top .av-special-heading.av-kewsvyg8-cd28342109b768742446677100226067{\npadding-bottom:10px;\n}\nbody .av-special-heading.av-kewsvyg8-cd28342109b768742446677100226067 .av-special-heading-tag .heading-char{\nfont-size:25px;\n}\n.av-special-heading.av-kewsvyg8-cd28342109b768742446677100226067 .av-subheading{\nfont-size:15px;\n}\n<\/style>\n<div  class='av-special-heading av-kewsvyg8-cd28342109b768742446677100226067 av-special-heading-h3  avia-builder-el-9  el_before_av_textblock  avia-builder-el-first '><h3 class='av-special-heading-tag '  itemprop=\"headline\"  >Carpool Information<\/h3><div class=\"special-heading-border\"><div class=\"special-heading-inner-border\"><\/div><\/div><\/div><br \/>\n<section  class='av_textblock_section av-mcc2vimm-51075bdfaae8546b5c8d79709ad701d1 '   itemscope=\"itemscope\" itemtype=\"https:\/\/schema.org\/CreativeWork\" ><div class='avia_textblock'  itemprop=\"text\" ><p style=\"text-align: center;\"><strong>Need a Carpool?<\/strong><\/p>\n<p style=\"text-align: center;\"><strong><em>\u00bfNecesitas un compartir transportaci\u00f3n?<\/em><\/strong><\/p>\n<p><span style=\"font-weight: 400;\">If you need help forming a morning and\/or afternoon carpool, click <a href=\"https:\/\/docs.google.com\/document\/d\/1umXAjYkB0-8Uj7D0C6MxoHNJa4Q9E0ocI3wn9I_WX3Y\/edit?usp=sharing\">here<\/a>. The first time you access the document you will need to wait for permission. Then you can post information for your carpool help in the document and other parents will post as well.\u00a0 THIS DOCUMENT IS IN ENGLISH AND SPANISH.<\/span><\/p>\n<p><em><span style=\"font-weight: 400;\">Si necesita ayuda para formar un viaje compartido en la ma\u00f1ana y \/ o en la tarde, haga clic <a href=\"https:\/\/docs.google.com\/document\/d\/1umXAjYkB0-8Uj7D0C6MxoHNJa4Q9E0ocI3wn9I_WX3Y\/edit?usp=sharing\">aqui<\/a>. La primera vez que acceda al documento deber\u00e1 esperar el permiso. Luego, puede publicar informaci\u00f3n para su ayuda de viaje compartido en el documento y otros padres tambi\u00e9n publicar\u00e1n. ESTE DOCUMENTO EST\u00c1 EN INGL\u00c9S Y ESPA\u00d1OL.<\/span><\/em><\/p>\n<\/div><\/section><\/p><\/div><div  class='hr av-6617nn-1ecbce5733aad3dc301727878ad72630 hr-default  avia-builder-el-11  el_after_av_one_full  el_before_av_textblock '><span class='hr-inner '><span class=\"hr-inner-style\"><\/span><\/span><\/div><\/p>\n<section  class='av_textblock_section av-kewsuxdy-dd1c885f9f8900451b1216d60fe5b882 '   itemscope=\"itemscope\" itemtype=\"https:\/\/schema.org\/CreativeWork\" ><div class='avia_textblock'  itemprop=\"text\" ><h1 style=\"text-align: center;\">Canvas and Infinite Campus<\/h1>\n<h1 style=\"text-align: center;\">Information for Parents<\/h1>\n<p><a href=\"https:\/\/shms.hallco.org\/web\/parent-orientation-links\/\">Click here<\/a> for information on how to sign up for Infinite Campus Parent or as a Canvas Observer.<\/p>\n<\/div><\/section>\n\n<style type=\"text\/css\" data-created_by=\"avia_inline_auto\" id=\"style-css-av-kewu2zgq-34bff654ee3b0de8756b977c31834839\">\n.avia-image-container.av-kewu2zgq-34bff654ee3b0de8756b977c31834839 img.avia_image{\nbox-shadow:none;\n}\n.avia-image-container.av-kewu2zgq-34bff654ee3b0de8756b977c31834839 .av-image-caption-overlay-center{\ncolor:#ffffff;\n}\n<\/style>\n<div  class='avia-image-container av-kewu2zgq-34bff654ee3b0de8756b977c31834839 av-styling- av-img-linked avia-align-center  avia-builder-el-13  el_after_av_textblock  el_before_av_hr '   itemprop=\"image\" itemscope=\"itemscope\" itemtype=\"https:\/\/schema.org\/ImageObject\" ><div class=\"avia-image-container-inner\"><div class=\"avia-image-overlay-wrap\"><a href=\"https:\/\/shms.hallco.org\/web\/parent-orientation-links\/\" class='avia_image '  aria-label='Parent Links'><img decoding=\"async\" fetchpriority=\"high\" class='wp-image-2938 avia-img-lazy-loading-not-2938 avia_image ' src=\"https:\/\/shms.hallco.org\/web\/wp-content\/uploads\/2020\/08\/Parent-Links-300x51.jpg\" alt='' title='Parent Links'  height=\"51\" width=\"300\"  itemprop=\"thumbnailUrl\" srcset=\"https:\/\/shms.hallco.org\/web\/wp-content\/uploads\/2020\/08\/Parent-Links-300x51.jpg 300w, https:\/\/shms.hallco.org\/web\/wp-content\/uploads\/2020\/08\/Parent-Links-1030x175.jpg 1030w, https:\/\/shms.hallco.org\/web\/wp-content\/uploads\/2020\/08\/Parent-Links-768x130.jpg 768w, https:\/\/shms.hallco.org\/web\/wp-content\/uploads\/2020\/08\/Parent-Links-1536x261.jpg 1536w, https:\/\/shms.hallco.org\/web\/wp-content\/uploads\/2020\/08\/Parent-Links-2048x348.jpg 2048w, https:\/\/shms.hallco.org\/web\/wp-content\/uploads\/2020\/08\/Parent-Links-1500x255.jpg 1500w, https:\/\/shms.hallco.org\/web\/wp-content\/uploads\/2020\/08\/Parent-Links-705x120.jpg 705w, https:\/\/shms.hallco.org\/web\/wp-content\/uploads\/2020\/08\/Parent-Links.jpg 1600w\" sizes=\"(max-width: 300px) 100vw, 300px\" \/><\/a><\/div><\/div><\/div>\n<div  class='hr av-2vjb4j-2221258fd05b3d721d4610b24f3271ee hr-default  avia-builder-el-14  el_after_av_image  el_before_av_one_full '><span class='hr-inner '><span class=\"hr-inner-style\"><\/span><\/span><\/div>\n<div  class='flex_column av-2chauz-d57797052c0d8a54b38c40ad28e91878 av_one_full  avia-builder-el-15  el_after_av_hr  avia-builder-el-last  first flex_column_div  '     ><section  class='av_textblock_section av-mcc36zae-b8e412236c9414f90dc2a370acb563c5 '   itemscope=\"itemscope\" itemtype=\"https:\/\/schema.org\/CreativeWork\" ><div class='avia_textblock'  itemprop=\"text\" ><p style=\"text-align: left;\"><strong>Do you know someone else who would be a good fit for DVA?\u00a0<\/strong><\/p>\n<p><strong>We are still <a href=\"https:\/\/shms.hallco.org\/web\/dva-application-information\/\">accepting applications<\/a>!<\/strong><\/p>\n<\/div><\/section><\/div>\n","protected":false},"excerpt":{"rendered":"","protected":false},"author":6,"featured_media":0,"parent":0,"menu_order":0,"comment_status":"closed","ping_status":"closed","template":"","meta":{"_monsterinsights_skip_tracking":false,"_monsterinsights_sitenote_active":false,"_monsterinsights_sitenote_note":"","_monsterinsights_sitenote_category":0,"footnotes":""},"class_list":["post-4971","page","type-page","status-publish","hentry"],"_links":{"self":[{"href":"https:\/\/shms.hallco.org\/web\/wp-json\/wp\/v2\/pages\/4971","targetHints":{"allow":["GET"]}}],"collection":[{"href":"https:\/\/shms.hallco.org\/web\/wp-json\/wp\/v2\/pages"}],"about":[{"href":"https:\/\/shms.hallco.org\/web\/wp-json\/wp\/v2\/types\/page"}],"author":[{"embeddable":true,"href":"https:\/\/shms.hallco.org\/web\/wp-json\/wp\/v2\/users\/6"}],"replies":[{"embeddable":true,"href":"https:\/\/shms.hallco.org\/web\/wp-json\/wp\/v2\/comments?post=4971"}],"version-history":[{"count":5,"href":"https:\/\/shms.hallco.org\/web\/wp-json\/wp\/v2\/pages\/4971\/revisions"}],"predecessor-version":[{"id":5214,"href":"https:\/\/shms.hallco.org\/web\/wp-json\/wp\/v2\/pages\/4971\/revisions\/5214"}],"wp:attachment":[{"href":"https:\/\/shms.hallco.org\/web\/wp-json\/wp\/v2\/media?parent=4971"}],"curies":[{"name":"wp","href":"https:\/\/api.w.org\/{rel}","templated":true}]}}