{"id":887,"date":"2019-01-31T22:35:58","date_gmt":"2019-01-31T22:35:58","guid":{"rendered":"https:\/\/shms.hallco.org\/site\/?page_id=887"},"modified":"2019-01-31T22:39:52","modified_gmt":"2019-01-31T22:39:52","slug":"youth-employment-certificate-work-permit","status":"publish","type":"page","link":"https:\/\/shms.hallco.org\/web\/youth-employment-certificate-work-permit\/","title":{"rendered":"Youth Employment Certificate (Work Permit)"},"content":{"rendered":"\n<style type=\"text\/css\" data-created_by=\"avia_inline_auto\" id=\"style-css-av-jrl7cvz4-7027dbaf7e04d527cca5589b1b8d805d\">\n#top .av-special-heading.av-jrl7cvz4-7027dbaf7e04d527cca5589b1b8d805d{\npadding-bottom:10px;\n}\nbody .av-special-heading.av-jrl7cvz4-7027dbaf7e04d527cca5589b1b8d805d .av-special-heading-tag .heading-char{\nfont-size:25px;\n}\n.av-special-heading.av-jrl7cvz4-7027dbaf7e04d527cca5589b1b8d805d .av-subheading{\nfont-size:15px;\n}\n<\/style>\n<div  class='av-special-heading av-jrl7cvz4-7027dbaf7e04d527cca5589b1b8d805d av-special-heading-h3  avia-builder-el-0  el_before_av_textblock  avia-builder-el-first '><h3 class='av-special-heading-tag '  itemprop=\"headline\"  >Youth Employment Certificate (Work Permit)<\/h3><div class=\"special-heading-border\"><div class=\"special-heading-inner-border\"><\/div><\/div><\/div>\n<section  class='av_textblock_section av-jrl77vh8-55ae1f9d01f52748ee62d2f253911065 '   itemscope=\"itemscope\" itemtype=\"https:\/\/schema.org\/CreativeWork\" ><div class='avia_textblock'  itemprop=\"text\" ><p><strong>\u2013 Current South Hall Middle School Students \u2013<\/strong><\/p>\n<p><strong>\u00a0 \u00a0Work Permit Instructions<\/strong><\/p>\n<ol>\n<li>To access the online employment certificate (work permit) system, please go to\u00a0<a href=\"http:\/\/www.dol.state.ga.us\/\" target=\"_blank\" rel=\"noopener\">www.dol.state.ga.us<\/a>.<\/li>\n<li>Select \u201cChild Labor\u201d, listed under \u201cQuick Links\u201d.<\/li>\n<li>Select \u201cGet a Youth Employment Certificate (Work Permit)\u201d<\/li>\n<li>Print the Work Permit Data Sheet that you have completed and take it to your potential employer to complete their portion.<\/li>\n<li>The student must come in person with their Work Permit Data Sheet completed by their employer and certified birth certificate to their current school (call for Summer hours).<\/li>\n<li>State law requires a minor to obtain an attendance letter from their school administrator indicating that the minor is enrolled in school full-time and the minor\u2019s attendance record is in good standing for the current academic year.<\/li>\n<\/ol>\n<p>South Hall Middle School 770-532-4416 8am -4:00 PM<\/p>\n<hr \/>\n<p><strong>Para los Estudiantes Activos en la Escuela Secundaria de South Hall<\/strong><\/p>\n<p><strong>Instrucciones Para Permiso de Trabajo:<\/strong><\/p>\n<p><strong>\u00a0<\/strong>Para obtener el certificado de empleo en l\u00ednea (permiso para trabajar) por favor vaya a\u00a0<a href=\"http:\/\/www.dol.state.ga.us\/\">dol.state.ga.us<\/a><\/p>\n<ol>\n<li>Bajo el encabezamiento,\u00a0\u2018In Demand\u2019, al pie de la p\u00e1gina, seleccione \u201cChild Labor\u201d<\/li>\n<li>Despu\u00e9s, seleccione \u201cGet a Youth Work Permit Online\u201d (El Permiso de Trabajo en L\u00ednea para Adolescentes).<\/li>\n<li>Bajo la secci\u00f3n, \u201cResources for Child Labor\u201d, (secci\u00f3n de color verde al pie de la p\u00e1gina) seleccione \u201cMinor\u201d (Menor de Edad) y provea la informaci\u00f3n necesaria<\/li>\n<li>Imprima el \u201cWork Permit Data Sheet\u201d (El Formulario de Datos para el Permiso de Trabajo) que usted ha completado y ll\u00e9velo al empleado con el cual usted quiere trabajar para que \u00e9l\/ella llene la porci\u00f3n designada para el empleado.<\/li>\n<li>El estudiante debe ir en persona a la escuela donde est\u00e1 asistiendo actualmente con el \u201cWork Permit Data Sheet (El Formulario de Datos para el Permiso de Trabajo) completo y con su Acta de Nacimiento (Llame a la escuela para investigar el horario de verano).<\/li>\n<li>La Ley del Estado requiere que un ni\u00f1o\/ni\u00f1a de menor edad obtenga una carta de asistencia del administrador de la escuela indicando que \u00e9l\/ella es un estudiante de tiempo completo y que de acuerdo con el archivo de asistencia \u00e9l\/ella est\u00e1 haciendo bien acad\u00e9micamente durante el a\u00f1o escolar actual.<\/li>\n<\/ol>\n<p>(Escuela Secundaria de South Hall (770) 532-4416, 8:00 a.m. \u2013 4:00 p.m.)<\/p>\n<\/div><\/section>\n","protected":false},"excerpt":{"rendered":"","protected":false},"author":10,"featured_media":0,"parent":0,"menu_order":0,"comment_status":"closed","ping_status":"closed","template":"","meta":{"_monsterinsights_skip_tracking":false,"_monsterinsights_sitenote_active":false,"_monsterinsights_sitenote_note":"","_monsterinsights_sitenote_category":0,"footnotes":""},"class_list":["post-887","page","type-page","status-publish","hentry"],"_links":{"self":[{"href":"https:\/\/shms.hallco.org\/web\/wp-json\/wp\/v2\/pages\/887","targetHints":{"allow":["GET"]}}],"collection":[{"href":"https:\/\/shms.hallco.org\/web\/wp-json\/wp\/v2\/pages"}],"about":[{"href":"https:\/\/shms.hallco.org\/web\/wp-json\/wp\/v2\/types\/page"}],"author":[{"embeddable":true,"href":"https:\/\/shms.hallco.org\/web\/wp-json\/wp\/v2\/users\/10"}],"replies":[{"embeddable":true,"href":"https:\/\/shms.hallco.org\/web\/wp-json\/wp\/v2\/comments?post=887"}],"version-history":[{"count":0,"href":"https:\/\/shms.hallco.org\/web\/wp-json\/wp\/v2\/pages\/887\/revisions"}],"wp:attachment":[{"href":"https:\/\/shms.hallco.org\/web\/wp-json\/wp\/v2\/media?parent=887"}],"curies":[{"name":"wp","href":"https:\/\/api.w.org\/{rel}","templated":true}]}}